{"id":3414,"date":"2019-04-29T19:06:18","date_gmt":"2019-04-30T00:06:18","guid":{"rendered":"http:\/\/gaorthopedocom.local\/por-que-elegirnos\/"},"modified":"2025-05-28T07:02:25","modified_gmt":"2025-05-28T12:02:25","slug":"por-que-elegirnos","status":"publish","type":"page","link":"https:\/\/www.gaorthopedo.com\/es\/por-que-elegirnos\/","title":{"rendered":"Por qu\u00e9 elegirnos"},"content":{"rendered":"<h3>Conveniencia<\/h3>\n<p>Ofrecemos el beneficio y la comodidad de la ortodoncia y la odontolog\u00eda infantil en la misma consulta. Un solo lugar, una sola inscripci\u00f3n y el beneficio de dos servicios especializados. Tanto si es <a title=\"Informaci\u00f3n para Pacientes de Milton, GA en Georgia Orthodontics &amp; Children\u2019s Dentistry\" href=\"https:\/\/www.gaorthopedo.com\/new-patients\/\">uno como varios miembros de tu familia<\/a> los que est\u00e1n a nuestro cuidado, todo es m\u00e1s f\u00e1cil. Nuestros m\u00e9dicos colaboran estrechamente para que los pacientes reciban el mejor tratamiento posible.   <\/p>\n<h3>Tratamiento el mismo d\u00eda<\/h3>\n<p>Entendemos lo apretada que est\u00e1 tu agenda, por eso te ofrecemos tratamiento el mismo d\u00eda para ahorrarte tiempo y dinero. Tanto si se trata de un tratamiento dental para ni\u00f1os como de ortodoncia para cualquier edad, podemos ocuparnos de ello el mismo d\u00eda. <\/p>\n<h3>Financiaci\u00f3n flexible<\/h3>\n<p>Nos comprometemos a eliminar todos los obst\u00e1culos econ\u00f3micos posibles para ayudarte a conseguir la sonrisa sana y bonita que t\u00fa y tu familia os merec\u00e9is. Los costes del tratamiento pueden ser importantes, por lo que estaremos encantados de elaborar un plan personalizado para ti. <\/p>\n<h3>Consulta de ortodoncia y examen infantil gratuitos<\/h3>\n<p>Es esencial que todos los ni\u00f1os tengan un buen comienzo con su salud dental, por eso los ex\u00e1menes infantiles (menores de 2 a\u00f1os) son siempre gratuitos.<\/p>\n<p>Nos apasiona igualmente el valor de una sonrisa bella y segura, por lo que las consultas de ortodoncia y las radiograf\u00edas tambi\u00e9n son siempre gratuitas para cualquier edad.<\/p>\n<h3>Equipo de expertos<\/h3>\n<p>Nuestro divertido y atento equipo de expertos en sonrisas est\u00e1 formado espec\u00edficamente para centrarse s\u00f3lo en ortodoncia y odontolog\u00eda infantil. Con nuestro enfoque centrado y nuestra formaci\u00f3n constante, los pacientes pueden estar seguros de que sus sonrisas est\u00e1n siempre en las mejores manos. <\/p>\n<h3>Tecnolog\u00eda<\/h3>\n<p>Estamos orgullosos de utilizar historiales electr\u00f3nicos de pacientes seguros y radiograf\u00edas digitales de baja dosis para asegurarnos de que nuestros pacientes aprovechan al m\u00e1ximo los beneficiosos avances tecnol\u00f3gicos, sin dejar de ser respetuosos con el medio ambiente. Disponemos de conexi\u00f3n Wi-Fi gratuita en todas nuestras modernas instalaciones para que te sientas c\u00f3modo y conectado durante tu visita. <\/p>\n<h3>Facturaci\u00f3n directa a la compa\u00f1\u00eda de seguros<\/h3>\n<p>Tratar con tu compa\u00f1\u00eda de seguros durante el tratamiento puede ser una experiencia complicada y estresante, pero no con nosotros. Si tienes seguro dental y\/o de ortodoncia, estaremos encantados de verificar tus prestaciones y rellenar toda la documentaci\u00f3n necesaria para que t\u00fa no tengas que hacerlo. <\/p>\n","protected":false},"excerpt":{"rendered":"<p>Conveniencia Ofrecemos el beneficio y la comodidad de la ortodoncia y la odontolog\u00eda infantil en la misma consulta. Un solo lugar, una sola inscripci\u00f3n y el beneficio de dos servicios especializados. Tanto si es uno como varios miembros de tu familia los que est\u00e1n a nuestro cuidado, todo es m\u00e1s f\u00e1cil. Nuestros m\u00e9dicos colaboran estrechamente&hellip; <a href=\"https:\/\/www.gaorthopedo.com\/es\/por-que-elegirnos\/\" class=\"more-link font-weight-bold\">Continue Reading <span class=\"sr-only\">about Por qu\u00e9 elegirnos<\/span><\/a><\/p>\n","protected":false},"author":1,"featured_media":3107,"parent":0,"menu_order":0,"comment_status":"closed","ping_status":"closed","template":"template-procedure.php","meta":{"_acf_changed":false,"inline_featured_image":false,"footnotes":""},"class_list":["post-3414","page","type-page","status-publish","has-post-thumbnail"],"acf":[],"yoast_head":"<!-- This site is optimized with the Yoast SEO plugin v27.4 - https:\/\/yoast.com\/product\/yoast-seo-wordpress\/ -->\n<title>Acerca de Georgia Ortodoncia y Odontolog\u00eda Infantil | 13075 Hwy 9 Suite 110, Milton, GA 30097<\/title>\n<meta name=\"description\" content=\"Georgia Ortodoncia y Odontolog\u00eda Infantil son los expertos locales en ortodoncia y odontopediatr\u00eda en Milton, GA. Llama hoy al (770) 521-2100.\" \/>\n<meta name=\"robots\" content=\"index, follow, max-snippet:-1, max-image-preview:large, max-video-preview:-1\" \/>\n<link rel=\"canonical\" href=\"https:\/\/www.gaorthopedo.com\/es\/por-que-elegirnos\/\" \/>\n<meta property=\"og:locale\" content=\"es_ES\" \/>\n<meta property=\"og:type\" content=\"article\" \/>\n<meta property=\"og:title\" content=\"Acerca de Georgia Ortodoncia y Odontolog\u00eda Infantil | 13075 Hwy 9 Suite 110, Milton, GA 30097\" \/>\n<meta property=\"og:description\" content=\"Georgia Ortodoncia y Odontolog\u00eda Infantil son los expertos locales en ortodoncia y odontopediatr\u00eda en Milton, GA. Llama hoy al (770) 521-2100.\" \/>\n<meta property=\"og:url\" content=\"https:\/\/www.gaorthopedo.com\/es\/por-que-elegirnos\/\" \/>\n<meta property=\"og:site_name\" content=\"Georgia Orthodontics &amp; Children&#039;s Dentistry\" \/>\n<meta property=\"article:modified_time\" content=\"2025-05-28T12:02:25+00:00\" \/>\n<meta property=\"og:image\" content=\"https:\/\/www.gaorthopedo.com\/wp-content\/uploads\/2019\/05\/our-difference.jpg\" \/>\n<meta name=\"twitter:card\" content=\"summary_large_image\" \/>\n<meta name=\"twitter:image\" content=\"https:\/\/www.gaorthopedo.com\/wp-content\/uploads\/2019\/05\/our-difference.jpg\" \/>\n<meta name=\"twitter:label1\" content=\"Tiempo de lectura\" \/>\n\t<meta name=\"twitter:data1\" content=\"2 minutos\" \/>\n<!-- \/ Yoast SEO plugin. -->","yoast_head_json":{"title":"Acerca de Georgia Ortodoncia y Odontolog\u00eda Infantil | 13075 Hwy 9 Suite 110, Milton, GA 30097","description":"Georgia Ortodoncia y Odontolog\u00eda Infantil son los expertos locales en ortodoncia y odontopediatr\u00eda en Milton, GA. Llama hoy al (770) 521-2100.","robots":{"index":"index","follow":"follow","max-snippet":"max-snippet:-1","max-image-preview":"max-image-preview:large","max-video-preview":"max-video-preview:-1"},"canonical":"https:\/\/www.gaorthopedo.com\/es\/por-que-elegirnos\/","og_locale":"es_ES","og_type":"article","og_title":"Acerca de Georgia Ortodoncia y Odontolog\u00eda Infantil | 13075 Hwy 9 Suite 110, Milton, GA 30097","og_description":"Georgia Ortodoncia y Odontolog\u00eda Infantil son los expertos locales en ortodoncia y odontopediatr\u00eda en Milton, GA. Llama hoy al (770) 521-2100.","og_url":"https:\/\/www.gaorthopedo.com\/es\/por-que-elegirnos\/","og_site_name":"Georgia Orthodontics &amp; Children&#039;s Dentistry","article_modified_time":"2025-05-28T12:02:25+00:00","og_image":[{"url":"https:\/\/www.gaorthopedo.com\/wp-content\/uploads\/2019\/05\/our-difference.jpg","type":"","width":"","height":""}],"twitter_card":"summary_large_image","twitter_image":"https:\/\/www.gaorthopedo.com\/wp-content\/uploads\/2019\/05\/our-difference.jpg","twitter_misc":{"Tiempo de lectura":"2 minutos"},"schema":{"@context":"https:\/\/schema.org","@graph":[{"@type":"WebPage","@id":"https:\/\/www.gaorthopedo.com\/es\/por-que-elegirnos\/","url":"https:\/\/www.gaorthopedo.com\/es\/por-que-elegirnos\/","name":"Acerca de Georgia Ortodoncia y Odontolog\u00eda Infantil | 13075 Hwy 9 Suite 110, Milton, GA 30097","isPartOf":{"@id":"https:\/\/www.gaorthopedo.com\/es\/#website"},"primaryImageOfPage":{"@id":"https:\/\/www.gaorthopedo.com\/es\/por-que-elegirnos\/#primaryimage"},"image":{"@id":"https:\/\/www.gaorthopedo.com\/es\/por-que-elegirnos\/#primaryimage"},"thumbnailUrl":"https:\/\/www.gaorthopedo.com\/wp-content\/uploads\/2019\/05\/our-difference.jpg","datePublished":"2019-04-30T00:06:18+00:00","dateModified":"2025-05-28T12:02:25+00:00","description":"Georgia Ortodoncia y Odontolog\u00eda Infantil son los expertos locales en ortodoncia y odontopediatr\u00eda en Milton, GA. Llama hoy al (770) 521-2100.","breadcrumb":{"@id":"https:\/\/www.gaorthopedo.com\/es\/por-que-elegirnos\/#breadcrumb"},"inLanguage":"es","potentialAction":[{"@type":"ReadAction","target":["https:\/\/www.gaorthopedo.com\/es\/por-que-elegirnos\/"]}]},{"@type":"ImageObject","inLanguage":"es","@id":"https:\/\/www.gaorthopedo.com\/es\/por-que-elegirnos\/#primaryimage","url":"https:\/\/www.gaorthopedo.com\/wp-content\/uploads\/2019\/05\/our-difference.jpg","contentUrl":"https:\/\/www.gaorthopedo.com\/wp-content\/uploads\/2019\/05\/our-difference.jpg","width":1920,"height":549,"caption":"Two hands forming a heart shape against a blurred background. One hand wears plaid; the other wears a striped sleeve."},{"@type":"BreadcrumbList","@id":"https:\/\/www.gaorthopedo.com\/es\/por-que-elegirnos\/#breadcrumb","itemListElement":[{"@type":"ListItem","position":1,"name":"Home","item":"https:\/\/www.gaorthopedo.com\/es\/"},{"@type":"ListItem","position":2,"name":"Por qu\u00e9 elegirnos"}]},{"@type":"WebSite","@id":"https:\/\/www.gaorthopedo.com\/es\/#website","url":"https:\/\/www.gaorthopedo.com\/es\/","name":"Georgia Orthodontics &amp; Children&#039;s Dentistry","description":"","potentialAction":[{"@type":"SearchAction","target":{"@type":"EntryPoint","urlTemplate":"https:\/\/www.gaorthopedo.com\/es\/?s={search_term_string}"},"query-input":{"@type":"PropertyValueSpecification","valueRequired":true,"valueName":"search_term_string"}}],"inLanguage":"es"}]}},"_links":{"self":[{"href":"https:\/\/www.gaorthopedo.com\/es\/wp-json\/wp\/v2\/pages\/3414","targetHints":{"allow":["GET"]}}],"collection":[{"href":"https:\/\/www.gaorthopedo.com\/es\/wp-json\/wp\/v2\/pages"}],"about":[{"href":"https:\/\/www.gaorthopedo.com\/es\/wp-json\/wp\/v2\/types\/page"}],"author":[{"embeddable":true,"href":"https:\/\/www.gaorthopedo.com\/es\/wp-json\/wp\/v2\/users\/1"}],"replies":[{"embeddable":true,"href":"https:\/\/www.gaorthopedo.com\/es\/wp-json\/wp\/v2\/comments?post=3414"}],"version-history":[{"count":3,"href":"https:\/\/www.gaorthopedo.com\/es\/wp-json\/wp\/v2\/pages\/3414\/revisions"}],"predecessor-version":[{"id":3418,"href":"https:\/\/www.gaorthopedo.com\/es\/wp-json\/wp\/v2\/pages\/3414\/revisions\/3418"}],"wp:featuredmedia":[{"embeddable":true,"href":"https:\/\/www.gaorthopedo.com\/es\/wp-json\/wp\/v2\/media\/3107"}],"wp:attachment":[{"href":"https:\/\/www.gaorthopedo.com\/es\/wp-json\/wp\/v2\/media?parent=3414"}],"curies":[{"name":"wp","href":"https:\/\/api.w.org\/{rel}","templated":true}]}}