{"id":3420,"date":"2019-12-26T15:22:47","date_gmt":"2019-12-26T20:22:47","guid":{"rendered":"http:\/\/gaorthopedocom.local\/odontologia-infantil\/"},"modified":"2025-05-28T08:25:12","modified_gmt":"2025-05-28T13:25:12","slug":"odontologia-infantil","status":"publish","type":"page","link":"https:\/\/www.gaorthopedo.com\/es\/odontologia-infantil\/","title":{"rendered":"Odontolog\u00eda infantil"},"content":{"rendered":"","protected":false},"excerpt":{"rendered":"","protected":false},"author":1,"featured_media":3213,"parent":0,"menu_order":0,"comment_status":"closed","ping_status":"closed","template":"template-procedure.php","meta":{"_acf_changed":false,"inline_featured_image":false,"footnotes":""},"class_list":["post-3420","page","type-page","status-publish","has-post-thumbnail"],"acf":[],"yoast_head":"<!-- This site is optimized with the Yoast SEO plugin v27.6 - https:\/\/yoast.com\/product\/yoast-seo-wordpress\/ -->\n<title>Lawrenceville GA Dentista Pedi\u00e1trico | Gwinnett Dentista Infantil | Lilburn Kids Dental Care<\/title>\n<meta name=\"description\" content=\"\u00bfQuieres un cuidado dental excepcional para la sonrisa de tu hijo? Georgia Orthodontics &amp; Children&#039;s Dentistry en Lawrenceville es tu fuente de magn\u00edfica odontolog\u00eda pedi\u00e1trica. Contamos con un dentista pedi\u00e1trico y un ortodoncista que ofrecen un cuidado dental compasivo a los ni\u00f1os.\" \/>\n<meta name=\"robots\" content=\"index, follow, max-snippet:-1, max-image-preview:large, max-video-preview:-1\" \/>\n<link rel=\"canonical\" href=\"https:\/\/www.gaorthopedo.com\/es\/odontologia-infantil\/\" \/>\n<meta property=\"og:locale\" content=\"es_ES\" \/>\n<meta property=\"og:type\" content=\"article\" \/>\n<meta property=\"og:title\" content=\"Lawrenceville GA Dentista Pedi\u00e1trico | Gwinnett Dentista Infantil | Lilburn Kids Dental Care\" \/>\n<meta property=\"og:description\" content=\"\u00bfQuieres un cuidado dental excepcional para la sonrisa de tu hijo? Georgia Orthodontics &amp; Children&#039;s Dentistry en Lawrenceville es tu fuente de magn\u00edfica odontolog\u00eda pedi\u00e1trica. Contamos con un dentista pedi\u00e1trico y un ortodoncista que ofrecen un cuidado dental compasivo a los ni\u00f1os.\" \/>\n<meta property=\"og:url\" content=\"https:\/\/www.gaorthopedo.com\/es\/odontologia-infantil\/\" \/>\n<meta property=\"og:site_name\" content=\"Georgia Orthodontics &amp; Children&#039;s Dentistry\" \/>\n<meta property=\"article:modified_time\" content=\"2025-05-28T13:25:12+00:00\" \/>\n<meta property=\"og:image\" content=\"https:\/\/www.gaorthopedo.com\/wp-content\/uploads\/2019\/05\/header-5-min.jpg\" \/>\n<meta name=\"twitter:card\" content=\"summary_large_image\" \/>\n<meta name=\"twitter:image\" content=\"https:\/\/www.gaorthopedo.com\/wp-content\/uploads\/2019\/05\/header-5-min.jpg\" \/>\n<meta name=\"twitter:label1\" content=\"Tiempo de lectura\" \/>\n\t<meta name=\"twitter:data1\" content=\"1 minuto\" \/>\n<!-- \/ Yoast SEO plugin. -->","yoast_head_json":{"title":"Lawrenceville GA Dentista Pedi\u00e1trico | Gwinnett Dentista Infantil | Lilburn Kids Dental Care","description":"\u00bfQuieres un cuidado dental excepcional para la sonrisa de tu hijo? Georgia Orthodontics & Children's Dentistry en Lawrenceville es tu fuente de magn\u00edfica odontolog\u00eda pedi\u00e1trica. Contamos con un dentista pedi\u00e1trico y un ortodoncista que ofrecen un cuidado dental compasivo a los ni\u00f1os.","robots":{"index":"index","follow":"follow","max-snippet":"max-snippet:-1","max-image-preview":"max-image-preview:large","max-video-preview":"max-video-preview:-1"},"canonical":"https:\/\/www.gaorthopedo.com\/es\/odontologia-infantil\/","og_locale":"es_ES","og_type":"article","og_title":"Lawrenceville GA Dentista Pedi\u00e1trico | Gwinnett Dentista Infantil | Lilburn Kids Dental Care","og_description":"\u00bfQuieres un cuidado dental excepcional para la sonrisa de tu hijo? Georgia Orthodontics & Children's Dentistry en Lawrenceville es tu fuente de magn\u00edfica odontolog\u00eda pedi\u00e1trica. Contamos con un dentista pedi\u00e1trico y un ortodoncista que ofrecen un cuidado dental compasivo a los ni\u00f1os.","og_url":"https:\/\/www.gaorthopedo.com\/es\/odontologia-infantil\/","og_site_name":"Georgia Orthodontics &amp; Children&#039;s Dentistry","article_modified_time":"2025-05-28T13:25:12+00:00","og_image":[{"url":"https:\/\/www.gaorthopedo.com\/wp-content\/uploads\/2019\/05\/header-5-min.jpg","type":"","width":"","height":""}],"twitter_card":"summary_large_image","twitter_image":"https:\/\/www.gaorthopedo.com\/wp-content\/uploads\/2019\/05\/header-5-min.jpg","twitter_misc":{"Tiempo de lectura":"1 minuto"},"schema":{"@context":"https:\/\/schema.org","@graph":[{"@type":"WebPage","@id":"https:\/\/www.gaorthopedo.com\/es\/odontologia-infantil\/","url":"https:\/\/www.gaorthopedo.com\/es\/odontologia-infantil\/","name":"Lawrenceville GA Dentista Pedi\u00e1trico | Gwinnett Dentista Infantil | Lilburn Kids Dental Care","isPartOf":{"@id":"https:\/\/www.gaorthopedo.com\/es\/#website"},"primaryImageOfPage":{"@id":"https:\/\/www.gaorthopedo.com\/es\/odontologia-infantil\/#primaryimage"},"image":{"@id":"https:\/\/www.gaorthopedo.com\/es\/odontologia-infantil\/#primaryimage"},"thumbnailUrl":"https:\/\/www.gaorthopedo.com\/wp-content\/uploads\/2019\/05\/header-5-min.jpg","datePublished":"2019-12-26T20:22:47+00:00","dateModified":"2025-05-28T13:25:12+00:00","description":"\u00bfQuieres un cuidado dental excepcional para la sonrisa de tu hijo? Georgia Orthodontics & Children's Dentistry en Lawrenceville es tu fuente de magn\u00edfica odontolog\u00eda pedi\u00e1trica. Contamos con un dentista pedi\u00e1trico y un ortodoncista que ofrecen un cuidado dental compasivo a los ni\u00f1os.","breadcrumb":{"@id":"https:\/\/www.gaorthopedo.com\/es\/odontologia-infantil\/#breadcrumb"},"inLanguage":"es","potentialAction":[{"@type":"ReadAction","target":["https:\/\/www.gaorthopedo.com\/es\/odontologia-infantil\/"]}]},{"@type":"ImageObject","inLanguage":"es","@id":"https:\/\/www.gaorthopedo.com\/es\/odontologia-infantil\/#primaryimage","url":"https:\/\/www.gaorthopedo.com\/wp-content\/uploads\/2019\/05\/header-5-min.jpg","contentUrl":"https:\/\/www.gaorthopedo.com\/wp-content\/uploads\/2019\/05\/header-5-min.jpg","width":1920,"height":435,"caption":"A smiling child with long brown hair wears a purple sweater against a gray background."},{"@type":"BreadcrumbList","@id":"https:\/\/www.gaorthopedo.com\/es\/odontologia-infantil\/#breadcrumb","itemListElement":[{"@type":"ListItem","position":1,"name":"Home","item":"https:\/\/www.gaorthopedo.com\/es\/"},{"@type":"ListItem","position":2,"name":"Odontolog\u00eda infantil"}]},{"@type":"WebSite","@id":"https:\/\/www.gaorthopedo.com\/es\/#website","url":"https:\/\/www.gaorthopedo.com\/es\/","name":"Georgia Orthodontics &amp; Children&#039;s Dentistry","description":"","potentialAction":[{"@type":"SearchAction","target":{"@type":"EntryPoint","urlTemplate":"https:\/\/www.gaorthopedo.com\/es\/?s={search_term_string}"},"query-input":{"@type":"PropertyValueSpecification","valueRequired":true,"valueName":"search_term_string"}}],"inLanguage":"es"}]}},"_links":{"self":[{"href":"https:\/\/www.gaorthopedo.com\/es\/wp-json\/wp\/v2\/pages\/3420","targetHints":{"allow":["GET"]}}],"collection":[{"href":"https:\/\/www.gaorthopedo.com\/es\/wp-json\/wp\/v2\/pages"}],"about":[{"href":"https:\/\/www.gaorthopedo.com\/es\/wp-json\/wp\/v2\/types\/page"}],"author":[{"embeddable":true,"href":"https:\/\/www.gaorthopedo.com\/es\/wp-json\/wp\/v2\/users\/1"}],"replies":[{"embeddable":true,"href":"https:\/\/www.gaorthopedo.com\/es\/wp-json\/wp\/v2\/comments?post=3420"}],"version-history":[{"count":6,"href":"https:\/\/www.gaorthopedo.com\/es\/wp-json\/wp\/v2\/pages\/3420\/revisions"}],"predecessor-version":[{"id":3429,"href":"https:\/\/www.gaorthopedo.com\/es\/wp-json\/wp\/v2\/pages\/3420\/revisions\/3429"}],"wp:featuredmedia":[{"embeddable":true,"href":"https:\/\/www.gaorthopedo.com\/es\/wp-json\/wp\/v2\/media\/3213"}],"wp:attachment":[{"href":"https:\/\/www.gaorthopedo.com\/es\/wp-json\/wp\/v2\/media?parent=3420"}],"curies":[{"name":"wp","href":"https:\/\/api.w.org\/{rel}","templated":true}]}}